{"id":6467,"date":"2024-11-29T18:56:46","date_gmt":"2024-11-29T18:56:46","guid":{"rendered":"https:\/\/voraz.pt\/?page_id=6467"},"modified":"2024-12-04T15:53:25","modified_gmt":"2024-12-04T15:53:25","slug":"contactos","status":"publish","type":"page","link":"https:\/\/voraz.pt\/en\/contactos\/","title":{"rendered":"Contacts"},"content":{"rendered":"<div data-elementor-type=\"wp-page\" data-elementor-id=\"6467\" class=\"elementor elementor-6467\">\n\t\t\t\t\t\t<section class=\"elementor-section elementor-top-section elementor-element elementor-element-0b429e7 eltdf-elementor-row-grid-section elementor-section-boxed elementor-section-height-default elementor-section-height-default eltdf-parallax-row-no eltdf-content-aligment-left eltdf-disabled-bg-image-bellow-no\" data-id=\"0b429e7\" data-element_type=\"section\">\n\t\t\t\t\t\t<div class=\"elementor-container elementor-column-gap-default\">\n\t\t\t\t\t<div class=\"elementor-column elementor-col-100 elementor-top-column elementor-element elementor-element-1ffe060\" data-id=\"1ffe060\" data-element_type=\"column\">\n\t\t\t<div class=\"elementor-widget-wrap elementor-element-populated\">\n\t\t\t\t\t\t<div class=\"elementor-element elementor-element-9676cb0 elementor-widget elementor-widget-eltdf_single_image\" data-id=\"9676cb0\" data-element_type=\"widget\" data-widget_type=\"eltdf_single_image.default\">\n\t\t\t\t<div class=\"elementor-widget-container\">\n\t\t\t\t\t<div class=\"eltdf-single-image-holder   eltdf-has-shadow eltdf-image-behavior-grayscale eltdf-image-appear-none\">\n    <div class=\"eltdf-si-inner\" >\n                                                        <img fetchpriority=\"high\" decoding=\"async\" src=\"https:\/\/voraz.pt\/wp-content\/uploads\/2024\/12\/Captura-de-ecra-2024-12-02-as-10.59.04-1200x400.png\" alt=\"\" width=\"1200\" height=\"400\" \/>                                                        <div class=\"eltdf-si-ornament ellipse\" >\n                <svg xmlns=\"http:\/\/www.w3.org\/2000\/svg\" width=\"303.083\" height=\"305.563\">\n                                <path fill=\"none\" stroke=\"rgb(156,124,87)\" stroke-width=\"1.5\" stroke-miterlimit=\"10\" d=\"M36.927 251.827L1.428 190.62 72.426 67.954 53.591 35.415M36.927 251.827l35.499-61.207L12.86 87.705m95.065-81.084l35.499 61.333L72.426 190.62l65.733 113.572m-52.431-13.887l57.696-99.685L72.426 67.954l35.47-61.282m68.954-3.631l37.572 64.913-70.998 122.666 60.398 104.352m-55.403 9.683l66.003-114.035-70.998-122.666L180.614 3.7m100.552 71.606L214.422 190.62l41.37 71.478M233.9 279.635l51.521-89.015-70.999-122.666 23.047-39.817m64.554 133.8L285.42 190.62l7.581 13.098M96.143 10.63v16.348M60.644 88.311v-17.44L44.853 43.219M25.145 149.644v-17.439L7.325 101m53.319 109.977v-17.439l-23.712-41.521-23.722 41.577v17.383m82.933 61.333v-17.44l-23.712-41.521-23.722 41.578v10.798m75.021 36.623l-15.8-27.666-11.501 20.158m96.143 3.732l-13.644-23.891-16.852 29.537m5.026-31.908v-17.44l-23.712-41.521-23.722 41.578v17.383m118.471 0v-17.44l-23.712-41.521-23.722 41.578v17.383m97.105-54.786l-2.385-4.176-23.722 41.578v1.114m-130.061-45.063v-17.439l-23.712-41.521-23.722 41.578v17.383m118.432-.001v-17.439l-23.712-41.521-23.722 41.578v17.383m118.432-.001v-17.439l-23.712-41.521-23.722 41.578v17.383M96.143 149.644v-17.439L72.431 90.683l-23.722 41.578v17.383m118.393 0v-17.439L143.39 90.683l-23.722 41.578v17.383m118.471 0v-17.439l-23.712-41.521-23.722 41.578v17.383m105.285-40.463l-10.564-18.499-23.722 41.578v17.383M131.642 88.311v-17.44L107.93 29.35 84.208 70.928v17.383m118.432 0v-17.44L178.928 29.35l-23.722 41.578v17.383m118.432 0v-17.44l-12.967-22.705m-14.027-13.062l-20.439 35.824v17.383m-59.064-61.333V9.538l-4.791-8.391m-38.904 1.896l-3.738 6.552v17.383m72.745-20.445l-1.747 3.062v17.383M84.248 15.75v31.78m-23.643 0V29.963m-11.856 78.9V73.93l-11.82-20.694-11.823 20.723v34.904M13.25 170.196v-34.934L2.607 116.629m46.142 114.9v-34.934L36.93 175.902l-11.823 20.723v34.904M84.248 289.6v-31.671l-11.819-20.693-11.823 20.723v17.433m120.069 26.241l-1.75-3.064-2.172 3.805m-21.507-9.512v-34.934l-11.819-20.693-11.823 20.723v34.904m94.64-8.49v-26.443l-11.819-20.693-11.823 20.723v34.904m-82.855-61.334v-34.934l-11.819-20.693-11.823 20.723v34.904m94.64 0v-34.934l-11.819-20.693-11.823 20.723v34.904m94.64 0v-34.934l-11.819-20.693-11.824 20.723v34.904M84.248 170.196v-34.934l-11.819-20.693-11.823 20.723v34.904m94.601 0v-34.934l-11.819-20.693-11.823 20.723v34.904m94.679 0v-34.934l-11.819-20.693-11.823 20.723v34.904m94.64 0v-34.934l-11.819-20.693-11.823 20.723v34.904m-153.853-61.333V73.93l-11.819-20.693-11.824 20.722v34.904m94.641 0V73.93l-11.819-20.693-11.823 20.723v34.904m94.64-.001V73.93l-11.819-20.693L238.1 73.959v34.904M155.246 47.53V12.597L148.445.69m-10.298.466l-6.544 11.47V47.53m94.641-26.554V47.53m-22.366-37.143l-1.277 2.239V47.53M72.426 22.118v45.836m-35.499 5.158v56.051m-35.499 5.281v56.051m35.499 5.281v56.051m35.499 5.277v26.128m70.998-26.128v47.4m70.998-47.4v33.414m-106.497-94.742v56.051m70.998-56.051v56.051m70.998-56.051v56.051M72.426 134.444v56.051m70.998-56.051v56.051m70.998-56.051v56.051m70.998-56.051v56.051M107.925 73.112v56.051m70.998-56.051v56.051m70.998-56.051v56.051M143.424 11.903v56.051m70.998-53.136v53.136m-76.584 236.208\"\/>\n                            <\/svg>            <\/div>\n            <\/div>\n<\/div>\t\t\t\t<\/div>\n\t\t\t\t<\/div>\n\t\t\t\t\t<\/div>\n\t\t<\/div>\n\t\t\t\t\t<\/div>\n\t\t<\/section>\n\t\t\t\t<section class=\"elementor-section elementor-top-section elementor-element elementor-element-548a6cf eltdf-elementor-row-grid-section eltdf-content-aligment-center elementor-section-boxed elementor-section-height-default elementor-section-height-default eltdf-parallax-row-no eltdf-disabled-bg-image-bellow-no\" data-id=\"548a6cf\" data-element_type=\"section\">\n\t\t\t\t\t\t<div class=\"elementor-container elementor-column-gap-default\">\n\t\t\t\t\t<div class=\"elementor-column elementor-col-50 elementor-top-column elementor-element elementor-element-454c0c7\" data-id=\"454c0c7\" data-element_type=\"column\">\n\t\t\t<div class=\"elementor-widget-wrap elementor-element-populated\">\n\t\t\t\t\t\t<div class=\"elementor-element elementor-element-5718ecd elementor-widget elementor-widget-eltdf_section_title\" data-id=\"5718ecd\" data-element_type=\"widget\" data-widget_type=\"eltdf_section_title.default\">\n\t\t\t\t<div class=\"elementor-widget-container\">\n\t\t\t\t\t<div class=\"eltdf-section-title-holder\" style=\"text-align: center\">\n\t<div class=\"eltdf-st-inner\">\n        \t\t            <div class=\"eltdf-st-title-holder\">\n                                    <div class=\"decor\"><svg xmlns=\"http:\/\/www.w3.org\/2000\/svg\" width=\"41.125\" height=\"9.146\">\n                            <path fill=\"none\" stroke=\"#9C7C57\" stroke-miterlimit=\"10\" d=\"M40.881 8.576L20.562.591.244 8.576\"\/>\n                            <path fill=\"none\" stroke=\"#9C7C57\" stroke-miterlimit=\"10\" d=\"M40.881.591L20.562 8.576.243.591\"\/>\n                        <\/svg><\/div>\n                                <h4 class=\"eltdf-st-title\" >\n                    Contact Us                <\/h4>\n                                    <div class=\"decor\"><svg xmlns=\"http:\/\/www.w3.org\/2000\/svg\" width=\"41.125\" height=\"9.146\">\n                            <path fill=\"none\" stroke=\"#9C7C57\" stroke-miterlimit=\"10\" d=\"M40.881 8.576L20.562.591.244 8.576\"\/>\n                            <path fill=\"none\" stroke=\"#9C7C57\" stroke-miterlimit=\"10\" d=\"M40.881.591L20.562 8.576.243.591\"\/>\n                        <\/svg><\/div>\n                            <\/div>\n\t\t\t\t\t\t\t<\/div>\n<\/div>\t\t\t\t<\/div>\n\t\t\t\t<\/div>\n\t\t\t\t<div class=\"elementor-element elementor-element-0023919 elementor-widget elementor-widget-eltdf_cf7\" data-id=\"0023919\" data-element_type=\"widget\" data-widget_type=\"eltdf_cf7.default\">\n\t\t\t\t<div class=\"elementor-widget-container\">\n\t\t\t\t\t    \n<div class=\"wpcf7 no-js\" id=\"wpcf7-f812-o1\" lang=\"en-US\" dir=\"ltr\" data-wpcf7-id=\"812\">\n<div class=\"screen-reader-response\"><p role=\"status\" aria-live=\"polite\" aria-atomic=\"true\"><\/p> <ul><\/ul><\/div>\n<form action=\"\/en\/wp-json\/wp\/v2\/pages\/6467#wpcf7-f812-o1\" method=\"post\" class=\"wpcf7-form init cf7_custom_style_2\" aria-label=\"Contact form\" novalidate=\"novalidate\" data-status=\"init\" data-trp-original-action=\"\/en\/wp-json\/wp\/v2\/pages\/6467#wpcf7-f812-o1\">\n<fieldset class=\"hidden-fields-container\"><input type=\"hidden\" name=\"_wpcf7\" value=\"812\" \/><input type=\"hidden\" name=\"_wpcf7_version\" value=\"6.1.1\" \/><input type=\"hidden\" name=\"_wpcf7_locale\" value=\"en_US\" \/><input type=\"hidden\" name=\"_wpcf7_unit_tag\" value=\"wpcf7-f812-o1\" \/><input type=\"hidden\" name=\"_wpcf7_container_post\" value=\"0\" \/><input type=\"hidden\" name=\"_wpcf7_posted_data_hash\" value=\"\" \/>\n<\/fieldset>\n<div class=\"qodef-cf7-contact\">\n<span class=\"wpcf7-form-control-wrap\" data-name=\"your-name\"><input size=\"40\" maxlength=\"400\" class=\"wpcf7-form-control wpcf7-text wpcf7-validates-as-required\" aria-required=\"true\" aria-invalid=\"false\" placeholder=\"Name\" value=\"\" type=\"text\" name=\"your-name\" \/><\/span>\n<span class=\"wpcf7-form-control-wrap\" data-name=\"your-email\"><input size=\"40\" maxlength=\"400\" class=\"wpcf7-form-control wpcf7-email wpcf7-validates-as-required wpcf7-text wpcf7-validates-as-email\" aria-required=\"true\" aria-invalid=\"false\" placeholder=\"E-mail\" value=\"\" type=\"email\" name=\"your-email\" \/><\/span>\n<span class=\"wpcf7-form-control-wrap\" data-name=\"your-subject\"><select class=\"wpcf7-form-control wpcf7-select wpcf7-validates-as-required\" aria-required=\"true\" aria-invalid=\"false\" name=\"your-subject\"><option value=\"Assunto\">Assunto<\/option><option value=\"Catering\">Catering<\/option><option value=\"Reservas\">Reservas<\/option><option value=\"Fornecedores\">Fornecedores<\/option><option value=\"Outros Assuntos\">Outros Assuntos<\/option><\/select><\/span>\n<span class=\"wpcf7-form-control-wrap\" data-name=\"your-message\"><textarea cols=\"40\" rows=\"10\" maxlength=\"2000\" class=\"wpcf7-form-control wpcf7-textarea\" aria-invalid=\"false\" name=\"your-message\">Mensagem<\/textarea><\/span>\n<div class=\"qodef-cf7-contact-btn-holder\">\n<button class=\"wpcf7-form-control wpcf7-submit eltdf-btn eltdf-btn-medium eltdf-btn-outline\" type=\"submit\"><span class=\"eltdf-btn-text\">Send<\/span><\/button>\n<\/div>\n<\/div><div class=\"wpcf7-response-output\" aria-hidden=\"true\"><\/div>\n<input type=\"hidden\" name=\"trp-form-language\" value=\"en\"\/><\/form>\n<\/div>\n\t\t\t\t<\/div>\n\t\t\t\t<\/div>\n\t\t\t\t\t<\/div>\n\t\t<\/div>\n\t\t\t\t<div class=\"elementor-column elementor-col-50 elementor-top-column elementor-element elementor-element-7ed1f0d\" data-id=\"7ed1f0d\" data-element_type=\"column\">\n\t\t\t<div class=\"elementor-widget-wrap elementor-element-populated\">\n\t\t\t\t\t\t<section class=\"elementor-section elementor-inner-section elementor-element elementor-element-e6fe2bd elementor-section-boxed elementor-section-height-default elementor-section-height-default eltdf-parallax-row-no eltdf-content-aligment-left eltdf-elementor-row-grid-no eltdf-disabled-bg-image-bellow-no\" data-id=\"e6fe2bd\" data-element_type=\"section\">\n\t\t\t\t\t\t<div class=\"elementor-container elementor-column-gap-default\">\n\t\t\t\t\t<div class=\"elementor-column elementor-col-100 elementor-inner-column elementor-element elementor-element-6a65fc7\" data-id=\"6a65fc7\" data-element_type=\"column\">\n\t\t\t<div class=\"elementor-widget-wrap elementor-element-populated\">\n\t\t\t\t\t\t<div class=\"elementor-element elementor-element-3ed85a4 elementor-widget elementor-widget-eltdf_section_title\" data-id=\"3ed85a4\" data-element_type=\"widget\" data-widget_type=\"eltdf_section_title.default\">\n\t\t\t\t<div class=\"elementor-widget-container\">\n\t\t\t\t\t<div class=\"eltdf-section-title-holder\" style=\"text-align: center\">\n\t<div class=\"eltdf-st-inner\">\n        \t\t            <div class=\"eltdf-st-title-holder\">\n                                <h4 class=\"eltdf-st-title\" >\n                    Visit Us                <\/h4>\n                            <\/div>\n\t\t\t\t\t\t\t<\/div>\n<\/div>\t\t\t\t<\/div>\n\t\t\t\t<\/div>\n\t\t\t\t<div class=\"elementor-element elementor-element-b95249e elementor-widget elementor-widget-text-editor\" data-id=\"b95249e\" data-element_type=\"widget\" data-widget_type=\"text-editor.default\">\n\t\t\t\t<div class=\"elementor-widget-container\">\n\t\t\t\t\t\t\t\t\t<p>R. E\u00e7a de Queiroz<\/p><p>Mercado Municipal 1\u00ba De Maio<\/p><p>2830-344 Barreiro<\/p><p>Portugal<\/p><p style=\"line-height: 36px;\" class=\"translation-block\"><strong>Opening Hours:<\/strong> 12:30 pm \u2013 3:00 pm and 7:30 pm \u2013 10:00 pm; Fridays and Saturdays until 11:00 pm.<\/p><p style=\"line-height: 36px;\">Closed on Sunday and Monday<\/p><p><strong>+351 961 838 253<\/strong><\/p><p><strong>geral@voraz.pt<\/strong><\/p>\t\t\t\t\t\t\t\t<\/div>\n\t\t\t\t<\/div>\n\t\t\t\t\t<\/div>\n\t\t<\/div>\n\t\t\t\t\t<\/div>\n\t\t<\/section>\n\t\t\t\t\t<\/div>\n\t\t<\/div>\n\t\t\t\t\t<\/div>\n\t\t<\/section>\n\t\t\t\t<\/div>","protected":false},"excerpt":{"rendered":"<p>Contacte-nos AssuntoCateringReservasFornecedoresOutros Assuntos Mensagem Enviar Visite-nos R. E\u00e7a de Queiroz Mercado Municipal 1\u00ba De Maio 2830-344 Barreiro Portugal Hor\u00e1rio: das 12h30 \u00e0s 15h e das 19h30 \u00e0s 22h; Sexta e s\u00e1bado, at\u00e9 \u00e0s 23h. Encerramos domingo e segunda. +351 961 838 253 geral@voraz.pt<\/p>","protected":false},"author":1,"featured_media":0,"parent":0,"menu_order":0,"comment_status":"closed","ping_status":"closed","template":"full-width.php","meta":{"footnotes":""},"class_list":["post-6467","page","type-page","status-publish","hentry"],"aioseo_notices":[],"_links":{"self":[{"href":"https:\/\/voraz.pt\/en\/wp-json\/wp\/v2\/pages\/6467","targetHints":{"allow":["GET"]}}],"collection":[{"href":"https:\/\/voraz.pt\/en\/wp-json\/wp\/v2\/pages"}],"about":[{"href":"https:\/\/voraz.pt\/en\/wp-json\/wp\/v2\/types\/page"}],"author":[{"embeddable":true,"href":"https:\/\/voraz.pt\/en\/wp-json\/wp\/v2\/users\/1"}],"replies":[{"embeddable":true,"href":"https:\/\/voraz.pt\/en\/wp-json\/wp\/v2\/comments?post=6467"}],"version-history":[{"count":0,"href":"https:\/\/voraz.pt\/en\/wp-json\/wp\/v2\/pages\/6467\/revisions"}],"wp:attachment":[{"href":"https:\/\/voraz.pt\/en\/wp-json\/wp\/v2\/media?parent=6467"}],"curies":[{"name":"wp","href":"https:\/\/api.w.org\/{rel}","templated":true}]}}