{"id":5261,"date":"2024-11-22T11:24:23","date_gmt":"2024-11-22T11:24:23","guid":{"rendered":"https:\/\/voraz.pt\/?page_id=5261"},"modified":"2025-08-22T21:39:04","modified_gmt":"2025-08-22T21:39:04","slug":"imprensa-2","status":"publish","type":"page","link":"https:\/\/voraz.pt\/en\/imprensa-2\/","title":{"rendered":"Press"},"content":{"rendered":"<div data-elementor-type=\"wp-page\" data-elementor-id=\"5261\" class=\"elementor elementor-5261\">\n\t\t\t\t\t\t<section class=\"elementor-section elementor-top-section elementor-element elementor-element-8751837 elementor-section-boxed elementor-section-height-default elementor-section-height-default eltdf-parallax-row-no eltdf-content-aligment-left eltdf-elementor-row-grid-no eltdf-disabled-bg-image-bellow-no\" data-id=\"8751837\" data-element_type=\"section\">\n\t\t\t\t\t\t<div class=\"elementor-container elementor-column-gap-default\">\n\t\t\t\t\t<div class=\"elementor-column elementor-col-100 elementor-top-column elementor-element elementor-element-851b418\" data-id=\"851b418\" data-element_type=\"column\">\n\t\t\t<div class=\"elementor-widget-wrap elementor-element-populated\">\n\t\t\t\t\t\t<div class=\"elementor-element elementor-element-37b9f4a elementor-widget elementor-widget-eltdf_section_title\" data-id=\"37b9f4a\" data-element_type=\"widget\" data-widget_type=\"eltdf_section_title.default\">\n\t\t\t\t<div class=\"elementor-widget-container\">\n\t\t\t\t\t<div class=\"eltdf-section-title-holder    eltdf-st-decor-animation\" style=\"text-align: center\">\n\t<div class=\"eltdf-st-inner\">\n        \t\t            <div class=\"eltdf-st-title-holder\">\n                                    <div class=\"decor\"><svg xmlns=\"http:\/\/www.w3.org\/2000\/svg\" width=\"41.125\" height=\"9.146\">\n                            <path fill=\"none\" stroke=\"#9C7C57\" stroke-miterlimit=\"10\" d=\"M40.881 8.576L20.562.591.244 8.576\"\/>\n                            <path fill=\"none\" stroke=\"#9C7C57\" stroke-miterlimit=\"10\" d=\"M40.881.591L20.562 8.576.243.591\"\/>\n                        <\/svg><\/div>\n                                <h1 class=\"eltdf-st-title\" >\n                    Press                <\/h1>\n                                    <div class=\"decor\"><svg xmlns=\"http:\/\/www.w3.org\/2000\/svg\" width=\"41.125\" height=\"9.146\">\n                            <path fill=\"none\" stroke=\"#9C7C57\" stroke-miterlimit=\"10\" d=\"M40.881 8.576L20.562.591.244 8.576\"\/>\n                            <path fill=\"none\" stroke=\"#9C7C57\" stroke-miterlimit=\"10\" d=\"M40.881.591L20.562 8.576.243.591\"\/>\n                        <\/svg><\/div>\n                            <\/div>\n\t\t\t\t\t\t\t<\/div>\n<\/div>\t\t\t\t<\/div>\n\t\t\t\t<\/div>\n\t\t\t\t\t<\/div>\n\t\t<\/div>\n\t\t\t\t\t<\/div>\n\t\t<\/section>\n\t\t\t\t<section class=\"elementor-section elementor-top-section elementor-element elementor-element-11383e1 eltdf-elementor-row-grid-section elementor-section-height-min-height elementor-section-boxed elementor-section-height-default elementor-section-items-middle eltdf-parallax-row-no eltdf-content-aligment-left eltdf-disabled-bg-image-bellow-no\" data-id=\"11383e1\" data-element_type=\"section\">\n\t\t\t\t\t\t<div class=\"elementor-container elementor-column-gap-default\">\n\t\t\t\t\t<div class=\"elementor-column elementor-col-100 elementor-top-column elementor-element elementor-element-9267424\" data-id=\"9267424\" data-element_type=\"column\">\n\t\t\t<div class=\"elementor-widget-wrap elementor-element-populated\">\n\t\t\t\t\t\t<div class=\"elementor-element elementor-element-a3787c1 elementor-widget elementor-widget-eltdf_blog_list\" data-id=\"a3787c1\" data-element_type=\"widget\" data-widget_type=\"eltdf_blog_list.default\">\n\t\t\t\t<div class=\"elementor-widget-container\">\n\t\t\t\t\t<div class=\"eltdf-blog-list-holder eltdf-grid-list eltdf-bl-boxed eltdf-three-columns eltdf-disable-bottom-space eltdf-normal-space eltdf-bl-pag-no-pagination\"  data-type=\"boxed\" data-number-of-posts=\"6\" data-number-of-columns=\"three\" data-space-between-items=\"normal\" data-category=\"imprensa\" data-orderby=\"date\" data-order=\"DESC\" data-image-size=\"custom\" data-custom-image-width=\"300\" data-custom-image-height=\"200\" data-title-tag=\"h6\" data-excerpt-length=\"30\" data-post-info-section=\"yes\" data-post-info-image=\"yes\" data-post-info-author=\"no\" data-post-info-date=\"yes\" data-post-info-category=\"no\" data-post-info-comments=\"no\" data-post-info-like=\"no\" data-post-info-share=\"no\" data-pagination-type=\"no-pagination\" data-max-num-pages=\"1\" data-next-page=\"2\">\n\t<div class=\"eltdf-bl-wrapper eltdf-outer-space\">\n\t\t<ul class=\"eltdf-blog-list\">\n\t\t\t<li class=\"eltdf-bl-item eltdf-item-space\">\n\t<div class=\"eltdf-bli-inner\">\n\t\t\n\t<div class=\"eltdf-post-image\">\n\t\t\t\t\t<a itemprop=\"url\" href=\"https:\/\/voraz.pt\/en\/voraz-cozinha-de-autor-acessivel-no-mercado-do-barreiro\/\" title=\"\u201cVoraz\u201d: Accessible Signature Cuisine in the Barreiro Market\">\n\t\t\t\t\t<img fetchpriority=\"high\" decoding=\"async\" src=\"https:\/\/voraz.pt\/wp-content\/uploads\/2025\/02\/2-solid-scaled-300x200.jpg\" alt=\"\" width=\"300\" height=\"200\" \/>\t\t\t\t\t<\/a>\n\t\t\t\t\t<\/div>\n        <div class=\"eltdf-bli-content\">\n                            <div class=\"eltdf-bli-info-top\">\n\t                <div itemprop=\"dateCreated\" class=\"eltdf-post-info-date entry-date published updated\">\n            <a itemprop=\"url\" href=\"https:\/\/voraz.pt\/en\/2025\/02\/\">\n    \n        26 de February, 2025        <\/a>\n    <meta itemprop=\"interactionCount\" content=\"UserComments: 0\"\/>\n    <svg xmlns=\"http:\/\/www.w3.org\/2000\/svg\" xmlns:xlink=\"http:\/\/www.w3.org\/1999\/xlink\" x=\"0px\" y=\"0px\" \n                    width=\"8.328px\" height=\"8.453px\" viewbox=\"0 0 8.328 8.453\" enable-background=\"new 0 0 8.328 8.453\" xml:space=\"preserve\">\n                    <polyline fill=\"none\" stroke=\"currentColor\" stroke-miterlimit=\"10\" points=\"0.449,0.36 3.587,4.234 0.449,8.109 \"\/>\n                    <polyline fill=\"none\" stroke=\"currentColor\" stroke-miterlimit=\"10\" points=\"4.514,0.36 7.652,4.234 4.514,8.109 \"\/>\n                <\/svg><\/div>                <\/div>\n            \t\n\t        \n<h6 itemprop=\"name\" class=\"entry-title eltdf-post-title\" >\n            <a itemprop=\"url\" href=\"https:\/\/voraz.pt\/en\/voraz-cozinha-de-autor-acessivel-no-mercado-do-barreiro\/\" title=\"\u201cVoraz\u201d: Accessible Signature Cuisine in the Barreiro Market\">\n            \u201cVoraz\u201d: Accessible Signature Cuisine in the Barreiro Market            <\/a>\n    <\/h6>\t\n\t        <div class=\"eltdf-bli-excerpt\">\n\t\t        \t\t<div class=\"eltdf-post-excerpt-holder\">\n\t\t\t<p itemprop=\"description\" class=\"eltdf-post-excerpt\">\n\t\t\t\tWith Voraz, Mercado 1.\u00ba de Maio in Barreiro has risen to the top of the national food scene to ask: what if Michelin-level cuisine came at fair prices for our people?\t\t\t<\/p>\n\t\t<\/div>\n\t\t\t        \t<div class=\"eltdf-post-read-more-button\">\n\t\t<a itemprop=\"url\" href=\"https:\/\/voraz.pt\/en\/voraz-cozinha-de-autor-acessivel-no-mercado-do-barreiro\/\" target=\"_self\"  class=\"eltdf-btn eltdf-btn-medium eltdf-btn-simple eltdf-blog-list-button\"  >        <span class=\"eltdf-btn-text\">See More<\/span>        <\/a>\t<\/div>\n\t        <\/div>\n\n            <div class=\"eltdf-bli-info-bottom\">\n                            <\/div>\n        <\/div>\n\t<\/div>\n<\/li><li class=\"eltdf-bl-item eltdf-item-space\">\n\t<div class=\"eltdf-bli-inner\">\n\t\t\n\t<div class=\"eltdf-post-image\">\n\t\t\t\t\t<a itemprop=\"url\" href=\"https:\/\/voraz.pt\/en\/estive-la-voraz-cozinha-com-identidade\/\" title=\"I Was There: Voraz \u2013 Cuisine with Identity\">\n\t\t\t\t\t<img decoding=\"async\" src=\"https:\/\/voraz.pt\/wp-content\/uploads\/2024\/12\/DSCF8974-JS-scaled-300x200.jpg\" alt=\"\" width=\"300\" height=\"200\" \/>\t\t\t\t\t<\/a>\n\t\t\t\t\t<\/div>\n        <div class=\"eltdf-bli-content\">\n                            <div class=\"eltdf-bli-info-top\">\n\t                <div itemprop=\"dateCreated\" class=\"eltdf-post-info-date entry-date published updated\">\n            <a itemprop=\"url\" href=\"https:\/\/voraz.pt\/en\/2025\/01\/\">\n    \n        28 de January, 2025        <\/a>\n    <meta itemprop=\"interactionCount\" content=\"UserComments: 0\"\/>\n    <svg xmlns=\"http:\/\/www.w3.org\/2000\/svg\" xmlns:xlink=\"http:\/\/www.w3.org\/1999\/xlink\" x=\"0px\" y=\"0px\" \n                    width=\"8.328px\" height=\"8.453px\" viewbox=\"0 0 8.328 8.453\" enable-background=\"new 0 0 8.328 8.453\" xml:space=\"preserve\">\n                    <polyline fill=\"none\" stroke=\"currentColor\" stroke-miterlimit=\"10\" points=\"0.449,0.36 3.587,4.234 0.449,8.109 \"\/>\n                    <polyline fill=\"none\" stroke=\"currentColor\" stroke-miterlimit=\"10\" points=\"4.514,0.36 7.652,4.234 4.514,8.109 \"\/>\n                <\/svg><\/div>                <\/div>\n            \t\n\t        \n<h6 itemprop=\"name\" class=\"entry-title eltdf-post-title\" >\n            <a itemprop=\"url\" href=\"https:\/\/voraz.pt\/en\/estive-la-voraz-cozinha-com-identidade\/\" title=\"I Was There: Voraz \u2013 Cuisine with Identity\">\n            I Was There: Voraz \u2013 Cuisine with Identity            <\/a>\n    <\/h6>\t\n\t        <div class=\"eltdf-bli-excerpt\">\n\t\t        \t\t<div class=\"eltdf-post-excerpt-holder\">\n\t\t\t<p itemprop=\"description\" class=\"eltdf-post-excerpt\">\n\t\t\t\tYou can feel how Tiago Emanuel Santos favors the local over the exotic and stays true to his roots and the traditions he grew up with.\t\t\t<\/p>\n\t\t<\/div>\n\t\t\t        \t<div class=\"eltdf-post-read-more-button\">\n\t\t<a itemprop=\"url\" href=\"https:\/\/voraz.pt\/en\/estive-la-voraz-cozinha-com-identidade\/\" target=\"_self\"  class=\"eltdf-btn eltdf-btn-medium eltdf-btn-simple eltdf-blog-list-button\"  >        <span class=\"eltdf-btn-text\">See More<\/span>        <\/a>\t<\/div>\n\t        <\/div>\n\n            <div class=\"eltdf-bli-info-bottom\">\n                            <\/div>\n        <\/div>\n\t<\/div>\n<\/li><li class=\"eltdf-bl-item eltdf-item-space\">\n\t<div class=\"eltdf-bli-inner\">\n\t\t\n\t<div class=\"eltdf-post-image\">\n\t\t\t\t\t<a itemprop=\"url\" href=\"https:\/\/voraz.pt\/en\/publico-no-barreiro-um-balcao-para-devorar-toda-a-regiao\/\" title=\"In Barreiro, a counter to devour the whole region\">\n\t\t\t\t\t<img decoding=\"async\" src=\"https:\/\/voraz.pt\/wp-content\/uploads\/2024\/12\/imprensa-publico-300x200.png\" alt=\"\" width=\"300\" height=\"200\" \/>\t\t\t\t\t<\/a>\n\t\t\t\t\t<\/div>\n        <div class=\"eltdf-bli-content\">\n                            <div class=\"eltdf-bli-info-top\">\n\t                <div itemprop=\"dateCreated\" class=\"eltdf-post-info-date entry-date published updated\">\n            <a itemprop=\"url\" href=\"https:\/\/voraz.pt\/en\/2024\/12\/\">\n    \n        2 de December, 2024        <\/a>\n    <meta itemprop=\"interactionCount\" content=\"UserComments: 0\"\/>\n    <svg xmlns=\"http:\/\/www.w3.org\/2000\/svg\" xmlns:xlink=\"http:\/\/www.w3.org\/1999\/xlink\" x=\"0px\" y=\"0px\" \n                    width=\"8.328px\" height=\"8.453px\" viewbox=\"0 0 8.328 8.453\" enable-background=\"new 0 0 8.328 8.453\" xml:space=\"preserve\">\n                    <polyline fill=\"none\" stroke=\"currentColor\" stroke-miterlimit=\"10\" points=\"0.449,0.36 3.587,4.234 0.449,8.109 \"\/>\n                    <polyline fill=\"none\" stroke=\"currentColor\" stroke-miterlimit=\"10\" points=\"4.514,0.36 7.652,4.234 4.514,8.109 \"\/>\n                <\/svg><\/div>                <\/div>\n            \t\n\t        \n<h6 itemprop=\"name\" class=\"entry-title eltdf-post-title\" >\n            <a itemprop=\"url\" href=\"https:\/\/voraz.pt\/en\/publico-no-barreiro-um-balcao-para-devorar-toda-a-regiao\/\" title=\"In Barreiro, a counter to devour the whole region\">\n            In Barreiro, a counter to devour the whole region            <\/a>\n    <\/h6>\t\n\t        <div class=\"eltdf-bli-excerpt\">\n\t\t        \t\t<div class=\"eltdf-post-excerpt-holder\">\n\t\t\t<p itemprop=\"description\" class=\"eltdf-post-excerpt\">\n\t\t\t\tVoraz opened less than a year ago and has already made quite a buzz. The credit goes to chefs Tiago Santos and Bruno Xavier, who are determined to make Barreiro\t\t\t<\/p>\n\t\t<\/div>\n\t\t\t        \t<div class=\"eltdf-post-read-more-button\">\n\t\t<a itemprop=\"url\" href=\"https:\/\/voraz.pt\/en\/publico-no-barreiro-um-balcao-para-devorar-toda-a-regiao\/\" target=\"_self\"  class=\"eltdf-btn eltdf-btn-medium eltdf-btn-simple eltdf-blog-list-button\"  >        <span class=\"eltdf-btn-text\">See More<\/span>        <\/a>\t<\/div>\n\t        <\/div>\n\n            <div class=\"eltdf-bli-info-bottom\">\n                            <\/div>\n        <\/div>\n\t<\/div>\n<\/li><li class=\"eltdf-bl-item eltdf-item-space\">\n\t<div class=\"eltdf-bli-inner\">\n\t\t\n\t<div class=\"eltdf-post-image\">\n\t\t\t\t\t<a itemprop=\"url\" href=\"https:\/\/voraz.pt\/en\/voraz-a-sabedoria-da-comida-michelin-no-coracao-do-mercado-do-barreiro\/\" title=\"Voraz: the wisdom of \u201cMichelin food\u201d in the heart of Barreiro Market\">\n\t\t\t\t\t<img loading=\"lazy\" decoding=\"async\" src=\"https:\/\/voraz.pt\/wp-content\/uploads\/2024\/07\/Voraz-Barreiro-24-scaled.jpg-300x200.webp\" alt=\"\" width=\"300\" height=\"200\" \/>\t\t\t\t\t<\/a>\n\t\t\t\t\t<\/div>\n        <div class=\"eltdf-bli-content\">\n                            <div class=\"eltdf-bli-info-top\">\n\t                <div itemprop=\"dateCreated\" class=\"eltdf-post-info-date entry-date published updated\">\n            <a itemprop=\"url\" href=\"https:\/\/voraz.pt\/en\/2024\/07\/\">\n    \n        29 de July, 2024        <\/a>\n    <meta itemprop=\"interactionCount\" content=\"UserComments: 0\"\/>\n    <svg xmlns=\"http:\/\/www.w3.org\/2000\/svg\" xmlns:xlink=\"http:\/\/www.w3.org\/1999\/xlink\" x=\"0px\" y=\"0px\" \n                    width=\"8.328px\" height=\"8.453px\" viewbox=\"0 0 8.328 8.453\" enable-background=\"new 0 0 8.328 8.453\" xml:space=\"preserve\">\n                    <polyline fill=\"none\" stroke=\"currentColor\" stroke-miterlimit=\"10\" points=\"0.449,0.36 3.587,4.234 0.449,8.109 \"\/>\n                    <polyline fill=\"none\" stroke=\"currentColor\" stroke-miterlimit=\"10\" points=\"4.514,0.36 7.652,4.234 4.514,8.109 \"\/>\n                <\/svg><\/div>                <\/div>\n            \t\n\t        \n<h6 itemprop=\"name\" class=\"entry-title eltdf-post-title\" >\n            <a itemprop=\"url\" href=\"https:\/\/voraz.pt\/en\/voraz-a-sabedoria-da-comida-michelin-no-coracao-do-mercado-do-barreiro\/\" title=\"Voraz: the wisdom of \u201cMichelin food\u201d in the heart of Barreiro Market\">\n            Voraz: the wisdom of \u201cMichelin food\u201d in the heart of Barreiro Market            <\/a>\n    <\/h6>\t\n\t        <div class=\"eltdf-bli-excerpt\">\n\t\t        \t\t<div class=\"eltdf-post-excerpt-holder\">\n\t\t\t<p itemprop=\"description\" class=\"eltdf-post-excerpt\">\n\t\t\t\tSonho de dois chefs com ADN da Margem Sul, o Voraz ocupa o cora\u00e7\u00e3o do Mercado do Barreiro, valorizando os produtos da regi\u00e3o e assumindo o desafio de derrubar o\t\t\t<\/p>\n\t\t<\/div>\n\t\t\t        \t<div class=\"eltdf-post-read-more-button\">\n\t\t<a itemprop=\"url\" href=\"https:\/\/voraz.pt\/en\/voraz-a-sabedoria-da-comida-michelin-no-coracao-do-mercado-do-barreiro\/\" target=\"_self\"  class=\"eltdf-btn eltdf-btn-medium eltdf-btn-simple eltdf-blog-list-button\"  >        <span class=\"eltdf-btn-text\">See More<\/span>        <\/a>\t<\/div>\n\t        <\/div>\n\n            <div class=\"eltdf-bli-info-bottom\">\n                            <\/div>\n        <\/div>\n\t<\/div>\n<\/li>\t\t<\/ul>\n\t<\/div>\n\t<\/div>\t\t\t\t<\/div>\n\t\t\t\t<\/div>\n\t\t\t\t\t<\/div>\n\t\t<\/div>\n\t\t\t\t\t<\/div>\n\t\t<\/section>\n\t\t\t\t<\/div>","protected":false},"excerpt":{"rendered":"<p>Imprensa 26 de Fevereiro, 2025 &#8220;Voraz&#8221;: cozinha de autor acess\u00edvel no mercado do Barreiro Com este Voraz, o Mercado 1.\u00ba de Maio, no Barreiro, p\u00f4s-se no topo da cena gastron\u00f3mica nacional para perguntar: e se a cozinha Michelin praticasse pre\u00e7os justos para as nossas Ver Mais 28 de Janeiro, 2025 Estive l\u00e1: Voraz &#8211; Cozinha com identidade Sente-se na forma [&hellip;]<\/p>","protected":false},"author":1,"featured_media":0,"parent":0,"menu_order":0,"comment_status":"closed","ping_status":"closed","template":"full-width.php","meta":{"footnotes":""},"class_list":["post-5261","page","type-page","status-publish","hentry"],"aioseo_notices":[],"_links":{"self":[{"href":"https:\/\/voraz.pt\/en\/wp-json\/wp\/v2\/pages\/5261","targetHints":{"allow":["GET"]}}],"collection":[{"href":"https:\/\/voraz.pt\/en\/wp-json\/wp\/v2\/pages"}],"about":[{"href":"https:\/\/voraz.pt\/en\/wp-json\/wp\/v2\/types\/page"}],"author":[{"embeddable":true,"href":"https:\/\/voraz.pt\/en\/wp-json\/wp\/v2\/users\/1"}],"replies":[{"embeddable":true,"href":"https:\/\/voraz.pt\/en\/wp-json\/wp\/v2\/comments?post=5261"}],"version-history":[{"count":0,"href":"https:\/\/voraz.pt\/en\/wp-json\/wp\/v2\/pages\/5261\/revisions"}],"wp:attachment":[{"href":"https:\/\/voraz.pt\/en\/wp-json\/wp\/v2\/media?parent=5261"}],"curies":[{"name":"wp","href":"https:\/\/api.w.org\/{rel}","templated":true}]}}