{"id":3434,"date":"2020-04-28T08:30:49","date_gmt":"2020-04-28T08:30:49","guid":{"rendered":"https:\/\/laurent.qodeinteractive.com\/elementor\/?page_id=3434"},"modified":"2025-06-22T17:34:57","modified_gmt":"2025-06-22T17:34:57","slug":"equipa","status":"publish","type":"page","link":"https:\/\/voraz.pt\/en\/equipa\/","title":{"rendered":"Team"},"content":{"rendered":"<div data-elementor-type=\"wp-page\" data-elementor-id=\"3434\" class=\"elementor elementor-3434\">\n\t\t\t\t\t\t<section class=\"elementor-section elementor-top-section elementor-element elementor-element-3320675 elementor-section-boxed elementor-section-height-default elementor-section-height-default eltdf-parallax-row-no eltdf-content-aligment-left eltdf-elementor-row-grid-no eltdf-disabled-bg-image-bellow-no\" data-id=\"3320675\" data-element_type=\"section\">\n\t\t\t\t\t\t<div class=\"elementor-container elementor-column-gap-default\">\n\t\t\t\t\t<div class=\"elementor-column elementor-col-100 elementor-top-column elementor-element elementor-element-026cbb7\" data-id=\"026cbb7\" data-element_type=\"column\">\n\t\t\t<div class=\"elementor-widget-wrap elementor-element-populated\">\n\t\t\t\t\t\t<div class=\"elementor-element elementor-element-7048168 elementor-widget elementor-widget-eltdf_section_title\" data-id=\"7048168\" data-element_type=\"widget\" data-widget_type=\"eltdf_section_title.default\">\n\t\t\t\t<div class=\"elementor-widget-container\">\n\t\t\t\t\t<div class=\"eltdf-section-title-holder    eltdf-st-decor-animation\" style=\"text-align: center\">\n\t<div class=\"eltdf-st-inner\">\n        \t\t            <div class=\"eltdf-st-title-holder\">\n                                    <div class=\"decor\"><svg xmlns=\"http:\/\/www.w3.org\/2000\/svg\" width=\"41.125\" height=\"9.146\">\n                            <path fill=\"none\" stroke=\"#9C7C57\" stroke-miterlimit=\"10\" d=\"M40.881 8.576L20.562.591.244 8.576\"\/>\n                            <path fill=\"none\" stroke=\"#9C7C57\" stroke-miterlimit=\"10\" d=\"M40.881.591L20.562 8.576.243.591\"\/>\n                        <\/svg><\/div>\n                                <h1 class=\"eltdf-st-title\" >\n                    Our Voraz Team                <\/h1>\n                                    <div class=\"decor\"><svg xmlns=\"http:\/\/www.w3.org\/2000\/svg\" width=\"41.125\" height=\"9.146\">\n                            <path fill=\"none\" stroke=\"#9C7C57\" stroke-miterlimit=\"10\" d=\"M40.881 8.576L20.562.591.244 8.576\"\/>\n                            <path fill=\"none\" stroke=\"#9C7C57\" stroke-miterlimit=\"10\" d=\"M40.881.591L20.562 8.576.243.591\"\/>\n                        <\/svg><\/div>\n                            <\/div>\n\t\t\t\t\t\t\t<\/div>\n<\/div>\t\t\t\t<\/div>\n\t\t\t\t<\/div>\n\t\t\t\t\t<\/div>\n\t\t<\/div>\n\t\t\t\t\t<\/div>\n\t\t<\/section>\n\t\t<div class=\"elementor-element elementor-element-1a8556f e-grid e-con-boxed e-con e-parent\" data-id=\"1a8556f\" data-element_type=\"container\">\n\t\t\t\t\t<div class=\"e-con-inner\">\n\t\t\t\t<div class=\"elementor-element elementor-element-59730df elementor-widget elementor-widget-html\" data-id=\"59730df\" data-element_type=\"widget\" data-widget_type=\"html.default\">\n\t\t\t\t<div class=\"elementor-widget-container\">\n\t\t\t\t\t<div class=\"img-equipa\">\n  <div class=\"img-container\">\n    <img decoding=\"async\" src=\"https:\/\/voraz.pt\/wp-content\/uploads\/2024\/12\/Equipa-Tiago_bw.png\" alt=\"Imagem Principal\" class=\"image-default\">\n    <img decoding=\"async\" src=\"https:\/\/voraz.pt\/wp-content\/uploads\/2024\/12\/DSCF0259-JS.jpg\" alt=\"Imagem Hover\" class=\"image-hover\">\n  <\/div>\n  <div class=\"text-overlay\">\n    <div class=\"text-wrapper\">\n      <p class=\"nome-cargo\">Tiago Emanuel Santos<br><span>Executive Chef<\/span><\/p>\n      <p class=\"texto-completo\">Texto completo sobre a pessoa, que ser\u00e1 vis\u00edvel ao passar o cursor. Texto completo sobre a pessoa, que ser\u00e1 vis\u00edvel ao passar o cursor. Texto completo sobre a pessoa, que ser\u00e1 vis\u00edvel ao passar o cursor. Texto completo sobre a pessoa, que ser\u00e1 vis\u00edvel ao passar o cursor.o.<\/p>\n    <\/div>\n  <\/div>\n<\/div>\n\t\t\t\t<\/div>\n\t\t\t\t<\/div>\n\t\t\t\t<div class=\"elementor-element elementor-element-37cef0e elementor-widget elementor-widget-html\" data-id=\"37cef0e\" data-element_type=\"widget\" data-widget_type=\"html.default\">\n\t\t\t\t<div class=\"elementor-widget-container\">\n\t\t\t\t\t<div class=\"img-equipa\">\n  <div class=\"img-container\">\n    <img decoding=\"async\" src=\"https:\/\/voraz.pt\/wp-content\/uploads\/2024\/12\/Equipa-Xavier_bw.png\" alt=\"Imagem Principal\" class=\"image-default\">\n    <img decoding=\"async\" src=\"https:\/\/voraz.pt\/wp-content\/uploads\/2024\/12\/DSCF0029-JS-scaled.jpg\" alt=\"Imagem Hover\" class=\"image-hover\">\n  <\/div>\n  <div class=\"text-overlay\">\n    <div class=\"text-wrapper\">\n      <p class=\"nome-cargo\">Bruno Xavier<br><span>Chef<\/span><\/p>\n      <p class=\"texto-completo\">Texto completo sobre a pessoa, que ser\u00e1 vis\u00edvel ao passar o cursor. Texto completo sobre a pessoa, que ser\u00e1 vis\u00edvel ao passar o cursor. Texto completo sobre a pessoa, que ser\u00e1 vis\u00edvel ao passar o cursor. Texto completo sobre a pessoa, que ser\u00e1 vis\u00edvel ao passar o cursor.o.<\/p>\n    <\/div>\n  <\/div>\n<\/div>\n\t\t\t\t<\/div>\n\t\t\t\t<\/div>\n\t\t\t\t<div class=\"elementor-element elementor-element-0cfe7b8 elementor-widget elementor-widget-html\" data-id=\"0cfe7b8\" data-element_type=\"widget\" data-widget_type=\"html.default\">\n\t\t\t\t<div class=\"elementor-widget-container\">\n\t\t\t\t\t<div class=\"img-equipa\">\n  <div class=\"img-container\">\n    <img decoding=\"async\" src=\"https:\/\/voraz.pt\/wp-content\/uploads\/2024\/12\/Equipa-Teresa_bw.png\" alt=\"Imagem Principal\" class=\"image-default\">\n    <img decoding=\"async\" src=\"https:\/\/voraz.pt\/wp-content\/uploads\/2024\/12\/DSCF9981-JS-scaled.jpg\" alt=\"Imagem Hover\" class=\"image-hover\">\n  <\/div>\n  <div class=\"text-overlay\">\n    <div class=\"text-wrapper\">\n      <p class=\"nome-cargo\">Teresa<br><span>Manager<\/span><\/p>\n      <p class=\"texto-completo\">Texto completo sobre a pessoa, que ser\u00e1 vis\u00edvel ao passar o cursor. Texto completo sobre a pessoa, que ser\u00e1 vis\u00edvel ao passar o cursor. Texto completo sobre a pessoa, que ser\u00e1 vis\u00edvel ao passar o cursor. Texto completo sobre a pessoa, que ser\u00e1 vis\u00edvel ao passar o cursor.o.<\/p>\n    <\/div>\n  <\/div>\n<\/div>\n\t\t\t\t<\/div>\n\t\t\t\t<\/div>\n\t\t\t\t<div class=\"elementor-element elementor-element-c5e1524 elementor-widget elementor-widget-html\" data-id=\"c5e1524\" data-element_type=\"widget\" data-widget_type=\"html.default\">\n\t\t\t\t<div class=\"elementor-widget-container\">\n\t\t\t\t\t<div class=\"img-equipa\">\n  <div class=\"img-container\">\n    <img decoding=\"async\" src=\"https:\/\/voraz.pt\/wp-content\/uploads\/2024\/12\/Equipa-Aessio_bw.png\" alt=\"Imagem Principal\" class=\"image-default\">\n    <img decoding=\"async\" src=\"https:\/\/voraz.pt\/wp-content\/uploads\/2024\/12\/DSCF0081-JS-scaled.jpg\" alt=\"Imagem Hover\" class=\"image-hover\">\n  <\/div>\n  <div class=\"text-overlay\">\n    <div class=\"text-wrapper\">\n      <p class=\"nome-cargo\">A\u00e9cio<br><span>Sous-Chef<\/span><\/p>\n      <p class=\"texto-completo\">Texto completo sobre a pessoa, que ser\u00e1 vis\u00edvel ao passar o cursor. Texto completo sobre a pessoa, que ser\u00e1 vis\u00edvel ao passar o cursor. Texto completo sobre a pessoa, que ser\u00e1 vis\u00edvel ao passar o cursor. Texto completo sobre a pessoa, que ser\u00e1 vis\u00edvel ao passar o cursor.o.<\/p>\n    <\/div>\n  <\/div>\n<\/div>\n\t\t\t\t<\/div>\n\t\t\t\t<\/div>\n\t\t\t\t<div class=\"elementor-element elementor-element-f1eab64 elementor-widget elementor-widget-html\" data-id=\"f1eab64\" data-element_type=\"widget\" data-widget_type=\"html.default\">\n\t\t\t\t<div class=\"elementor-widget-container\">\n\t\t\t\t\t<div class=\"img-equipa\">\n  <div class=\"img-container\">\n    <img decoding=\"async\" src=\"https:\/\/voraz.pt\/wp-content\/uploads\/2024\/12\/Equipa-Marita_bw.png\" alt=\"Imagem Principal\" class=\"image-default\">\n    <img decoding=\"async\" src=\"https:\/\/voraz.pt\/wp-content\/uploads\/2024\/12\/DSCF0104-JS-scaled.jpg\" alt=\"Imagem Hover\" class=\"image-hover\">\n  <\/div>\n  <div class=\"text-overlay\">\n    <div class=\"text-wrapper\">\n      <p class=\"nome-cargo\">Marita<br><span>Cook<\/span><\/p>\n      <p class=\"texto-completo\">Texto completo sobre a pessoa, que ser\u00e1 vis\u00edvel ao passar o cursor. Texto completo sobre a pessoa, que ser\u00e1 vis\u00edvel ao passar o cursor. Texto completo sobre a pessoa, que ser\u00e1 vis\u00edvel ao passar o cursor. Texto completo sobre a pessoa, que ser\u00e1 vis\u00edvel ao passar o cursor.o.<\/p>\n    <\/div>\n  <\/div>\n<\/div>\n\t\t\t\t<\/div>\n\t\t\t\t<\/div>\n\t\t\t\t<div class=\"elementor-element elementor-element-ea52d3f elementor-widget elementor-widget-html\" data-id=\"ea52d3f\" data-element_type=\"widget\" data-widget_type=\"html.default\">\n\t\t\t\t<div class=\"elementor-widget-container\">\n\t\t\t\t\t<div class=\"img-equipa\">\n  <div class=\"img-container\">\n    <img decoding=\"async\" src=\"https:\/\/voraz.pt\/wp-content\/uploads\/2025\/06\/Equipa-Nuno_Pontes-bw.jpg\" alt=\"Imagem Principal\" class=\"image-default\">\n    <img decoding=\"async\" src=\"https:\/\/voraz.pt\/wp-content\/uploads\/2025\/06\/Equipa-Nuno_Pontes-cor-scaled.jpg\" alt=\"Imagem Hover\" class=\"image-hover\">\n  <\/div>\n  <div class=\"text-overlay\">\n    <div class=\"text-wrapper\">\n      <p class=\"nome-cargo\">Nuno Pontes<br><span>Pastry Chef<\/span><\/p>\n      <p class=\"texto-completo\">Texto completo sobre a pessoa, que ser\u00e1 vis\u00edvel ao passar o cursor. Texto completo sobre a pessoa, que ser\u00e1 vis\u00edvel ao passar o cursor. Texto completo sobre a pessoa, que ser\u00e1 vis\u00edvel ao passar o cursor. Texto completo sobre a pessoa, que ser\u00e1 vis\u00edvel ao passar o cursor.o.<\/p>\n    <\/div>\n  <\/div>\n<\/div>\n\t\t\t\t<\/div>\n\t\t\t\t<\/div>\n\t\t\t\t<div class=\"elementor-element elementor-element-fe58304 elementor-widget elementor-widget-html\" data-id=\"fe58304\" data-element_type=\"widget\" data-widget_type=\"html.default\">\n\t\t\t\t<div class=\"elementor-widget-container\">\n\t\t\t\t\t<div class=\"img-equipa\">\n  <div class=\"img-container\">\n    <img decoding=\"async\" src=\"https:\/\/voraz.pt\/wp-content\/uploads\/2025\/06\/Equipa-Diana_Rodrigues-bw.jpg\" alt=\"Imagem Principal\" class=\"image-default\">\n    <img decoding=\"async\" src=\"https:\/\/voraz.pt\/wp-content\/uploads\/2025\/06\/Equipa-Diana_Rodrigues-cor-scaled.jpg\" alt=\"Imagem Hover\" class=\"image-hover\">\n  <\/div>\n  <div class=\"text-overlay\">\n    <div class=\"text-wrapper\">\n      <p class=\"nome-cargo\">Diana Rodrigues<br><span>Kitchen Pantry<\/span><\/p>\n     <p class=\"texto-completo\">Texto completo sobre a pessoa, que ser\u00e1 vis\u00edvel ao passar o cursor. Texto completo sobre a pessoa, que ser\u00e1 vis\u00edvel ao passar o cursor. Texto completo sobre a pessoa, que ser\u00e1 vis\u00edvel ao passar o cursor. Texto completo sobre a pessoa, que ser\u00e1 vis\u00edvel ao passar o cursor.o.<\/p>\n    <\/div>\n  <\/div>\n<\/div>\n\t\t\t\t<\/div>\n\t\t\t\t<\/div>\n\t\t\t\t<div class=\"elementor-element elementor-element-5c37def elementor-widget elementor-widget-html\" data-id=\"5c37def\" data-element_type=\"widget\" data-widget_type=\"html.default\">\n\t\t\t\t<div class=\"elementor-widget-container\">\n\t\t\t\t\t<div class=\"img-equipa\">\n  <div class=\"img-container\">\n    <img decoding=\"async\" src=\"https:\/\/voraz.pt\/wp-content\/uploads\/2025\/06\/Equipa-Luis_Torrado-bw.jpg\" alt=\"Imagem Principal\" class=\"image-default\">\n    <img decoding=\"async\" src=\"https:\/\/voraz.pt\/wp-content\/uploads\/2025\/06\/Equipa-Luis_Torrado-cor-scaled.jpg\" alt=\"Imagem Hover\" class=\"image-hover\">\n  <\/div>\n  <div class=\"text-overlay\">\n    <div class=\"text-wrapper\">\n      <p class=\"nome-cargo\">Lu\u00eds Torrado<br><span>Cook<\/span><\/p>\n      <p class=\"texto-completo\">Texto completo sobre a pessoa, que ser\u00e1 vis\u00edvel ao passar o cursor. Texto completo sobre a pessoa, que ser\u00e1 vis\u00edvel ao passar o cursor. Texto completo sobre a pessoa, que ser\u00e1 vis\u00edvel ao passar o cursor. Texto completo sobre a pessoa, que ser\u00e1 vis\u00edvel ao passar o cursor.o.<\/p>\n    <\/div>\n  <\/div>\n<\/div>\n\t\t\t\t<\/div>\n\t\t\t\t<\/div>\n\t\t\t\t<div class=\"elementor-element elementor-element-1e18236 elementor-widget elementor-widget-html\" data-id=\"1e18236\" data-element_type=\"widget\" data-widget_type=\"html.default\">\n\t\t\t\t<div class=\"elementor-widget-container\">\n\t\t\t\t\t<div class=\"img-equipa\">\n  <div class=\"img-container\">\n    <img decoding=\"async\" src=\"https:\/\/voraz.pt\/wp-content\/uploads\/2024\/12\/Equipa-Lara_bw.png\" alt=\"Imagem Principal\" class=\"image-default\">\n    <img decoding=\"async\" src=\"https:\/\/voraz.pt\/wp-content\/uploads\/2024\/12\/DSCF0002-JS-scaled.jpg\" alt=\"Imagem Hover\" class=\"image-hover\">\n  <\/div>\n  <div class=\"text-overlay\">\n    <div class=\"text-wrapper\">\n      <p class=\"nome-cargo\">Lara<br><span>Cook \/ Server<\/span><\/p>\n      <p class=\"texto-completo\">Texto completo sobre a pessoa, que ser\u00e1 vis\u00edvel ao passar o cursor. Texto completo sobre a pessoa, que ser\u00e1 vis\u00edvel ao passar o cursor. Texto completo sobre a pessoa, que ser\u00e1 vis\u00edvel ao passar o cursor. Texto completo sobre a pessoa, que ser\u00e1 vis\u00edvel ao passar o cursor.o.<\/p>\n    <\/div>\n  <\/div>\n<\/div>\n\t\t\t\t<\/div>\n\t\t\t\t<\/div>\n\t\t\t\t<div class=\"elementor-element elementor-element-09208a8 elementor-widget elementor-widget-html\" data-id=\"09208a8\" data-element_type=\"widget\" data-widget_type=\"html.default\">\n\t\t\t\t<div class=\"elementor-widget-container\">\n\t\t\t\t\t<div class=\"img-equipa\">\n  <div class=\"img-container\">\n    <img decoding=\"async\" src=\"https:\/\/voraz.pt\/wp-content\/uploads\/2024\/12\/Equipa-Rute_bw.png\" alt=\"Imagem Principal\" class=\"image-default\">\n    <img decoding=\"async\" src=\"https:\/\/voraz.pt\/wp-content\/uploads\/2024\/12\/DSCF0283-JS-scaled.jpg\" alt=\"Imagem Hover\" class=\"image-hover\">\n  <\/div>\n  <div class=\"text-overlay\">\n    <div class=\"text-wrapper\">\n      <p class=\"nome-cargo\">Rute<br><span>Maketing and Communication<\/span><\/p>\n      <p class=\"texto-completo\">Texto completo sobre a pessoa, que ser\u00e1 vis\u00edvel ao passar o cursor. Texto completo sobre a pessoa, que ser\u00e1 vis\u00edvel ao passar o cursor. Texto completo sobre a pessoa, que ser\u00e1 vis\u00edvel ao passar o cursor. Texto completo sobre a pessoa, que ser\u00e1 vis\u00edvel ao passar o cursor.o.<\/p>\n    <\/div>\n  <\/div>\n<\/div>\n\t\t\t\t<\/div>\n\t\t\t\t<\/div>\n\t\t\t\t<div class=\"elementor-element elementor-element-40b4f42 elementor-widget elementor-widget-html\" data-id=\"40b4f42\" data-element_type=\"widget\" data-widget_type=\"html.default\">\n\t\t\t\t<div class=\"elementor-widget-container\">\n\t\t\t\t\t<div class=\"img-equipa\">\n  <div class=\"img-container\">\n    <img decoding=\"async\" src=\"https:\/\/voraz.pt\/wp-content\/uploads\/2024\/12\/Equipa-Carolina_bw.png\" alt=\"Imagem Principal\" class=\"image-default\">\n    <img decoding=\"async\" src=\"https:\/\/voraz.pt\/wp-content\/uploads\/2024\/12\/DSCF9896-JS-scaled.jpg\" alt=\"Imagem Hover\" class=\"image-hover\">\n  <\/div>\n  <div class=\"text-overlay\">\n    <div class=\"text-wrapper\">\n      <p class=\"nome-cargo\">Carolina<br><span>Web Designer<\/span><\/p>\n      <p class=\"texto-completo\">Texto completo sobre a pessoa, que ser\u00e1 vis\u00edvel ao passar o cursor. Texto completo sobre a pessoa, que ser\u00e1 vis\u00edvel ao passar o cursor. Texto completo sobre a pessoa, que ser\u00e1 vis\u00edvel ao passar o cursor. Texto completo sobre a pessoa, que ser\u00e1 vis\u00edvel ao passar o cursor.o.<\/p>\n    <\/div>\n  <\/div>\n<\/div>\n\t\t\t\t<\/div>\n\t\t\t\t<\/div>\n\t\t\t\t\t<\/div>\n\t\t\t\t<\/div>\n\t\t\t\t<\/div>","protected":false},"excerpt":{"rendered":"<p>Os nossos vorazes Tiago Emanuel SantosChef Executivo Texto completo sobre a pessoa, que ser\u00e1 vis\u00edvel ao passar o cursor. Texto completo sobre a pessoa, que ser\u00e1 vis\u00edvel ao passar o cursor. Texto completo sobre a pessoa, que ser\u00e1 vis\u00edvel ao passar o cursor. Texto completo sobre a pessoa, que ser\u00e1 vis\u00edvel ao passar o cursor.o. Bruno XavierChef Texto completo sobre [&hellip;]<\/p>","protected":false},"author":1,"featured_media":0,"parent":0,"menu_order":0,"comment_status":"closed","ping_status":"closed","template":"full-width.php","meta":{"footnotes":""},"class_list":["post-3434","page","type-page","status-publish","hentry"],"aioseo_notices":[],"_links":{"self":[{"href":"https:\/\/voraz.pt\/en\/wp-json\/wp\/v2\/pages\/3434","targetHints":{"allow":["GET"]}}],"collection":[{"href":"https:\/\/voraz.pt\/en\/wp-json\/wp\/v2\/pages"}],"about":[{"href":"https:\/\/voraz.pt\/en\/wp-json\/wp\/v2\/types\/page"}],"author":[{"embeddable":true,"href":"https:\/\/voraz.pt\/en\/wp-json\/wp\/v2\/users\/1"}],"replies":[{"embeddable":true,"href":"https:\/\/voraz.pt\/en\/wp-json\/wp\/v2\/comments?post=3434"}],"version-history":[{"count":0,"href":"https:\/\/voraz.pt\/en\/wp-json\/wp\/v2\/pages\/3434\/revisions"}],"wp:attachment":[{"href":"https:\/\/voraz.pt\/en\/wp-json\/wp\/v2\/media?parent=3434"}],"curies":[{"name":"wp","href":"https:\/\/api.w.org\/{rel}","templated":true}]}}