{"id":3310,"date":"2020-04-27T12:36:14","date_gmt":"2020-04-27T12:36:14","guid":{"rendered":"https:\/\/laurent.qodeinteractive.com\/elementor\/?page_id=3310"},"modified":"2025-08-23T10:36:44","modified_gmt":"2025-08-23T10:36:44","slug":"sobre-nos","status":"publish","type":"page","link":"https:\/\/voraz.pt\/en\/sobre-nos\/","title":{"rendered":"About Us"},"content":{"rendered":"<div data-elementor-type=\"wp-page\" data-elementor-id=\"3310\" class=\"elementor elementor-3310\">\n\t\t\t\t<div class=\"elementor-element elementor-element-5cf842a e-flex e-con-boxed e-con e-parent\" data-id=\"5cf842a\" data-element_type=\"container\">\n\t\t\t\t\t<div class=\"e-con-inner\">\n\t\t\t\t<div class=\"elementor-element elementor-element-ed6507f elementor-widget elementor-widget-eltdf_section_title\" data-id=\"ed6507f\" data-element_type=\"widget\" data-widget_type=\"eltdf_section_title.default\">\n\t\t\t\t<div class=\"elementor-widget-container\">\n\t\t\t\t\t<div class=\"eltdf-section-title-holder    eltdf-st-decor-animation\" style=\"text-align: center\">\n\t<div class=\"eltdf-st-inner\">\n        \t\t            <div class=\"eltdf-st-title-holder\">\n                                    <div class=\"decor\"><svg xmlns=\"http:\/\/www.w3.org\/2000\/svg\" width=\"41.125\" height=\"9.146\">\n                            <path fill=\"none\" stroke=\"#9C7C57\" stroke-miterlimit=\"10\" d=\"M40.881 8.576L20.562.591.244 8.576\"\/>\n                            <path fill=\"none\" stroke=\"#9C7C57\" stroke-miterlimit=\"10\" d=\"M40.881.591L20.562 8.576.243.591\"\/>\n                        <\/svg><\/div>\n                                <h3 class=\"eltdf-st-title\" >\n                    Our purpose                <\/h3>\n                                    <div class=\"decor\"><svg xmlns=\"http:\/\/www.w3.org\/2000\/svg\" width=\"41.125\" height=\"9.146\">\n                            <path fill=\"none\" stroke=\"#9C7C57\" stroke-miterlimit=\"10\" d=\"M40.881 8.576L20.562.591.244 8.576\"\/>\n                            <path fill=\"none\" stroke=\"#9C7C57\" stroke-miterlimit=\"10\" d=\"M40.881.591L20.562 8.576.243.591\"\/>\n                        <\/svg><\/div>\n                            <\/div>\n\t\t\t\t\t\t\t<\/div>\n<\/div>\t\t\t\t<\/div>\n\t\t\t\t<\/div>\n\t\t\t\t\t<\/div>\n\t\t\t\t<\/div>\n\t\t<div class=\"elementor-element elementor-element-41f036a e-flex e-con-boxed e-con e-parent\" data-id=\"41f036a\" data-element_type=\"container\">\n\t\t\t\t\t<div class=\"e-con-inner\">\n\t\t\t\t<div class=\"elementor-element elementor-element-84c63ed elementor-widget elementor-widget-text-editor\" data-id=\"84c63ed\" data-element_type=\"widget\" data-widget_type=\"text-editor.default\">\n\t\t\t\t<div class=\"elementor-widget-container\">\n\t\t\t\t\t\t\t\t\t<p>Gastronomy has the power to tell stories, create memories, and bring people together. Our mission is clear: to bring to Barreiro an innovative concept that blends tradition and modernity, respecting the ingredients, honoring origins, and delighting the senses.<\/p><p>Every dish we serve reflects an unwavering commitment to quality and authenticity. We select seasonal ingredients, embrace artisanal techniques, and create culinary experiences that go beyond the simple act of eating.\u00a0<\/p>\t\t\t\t\t\t\t\t<\/div>\n\t\t\t\t<\/div>\n\t\t\t\t\t<\/div>\n\t\t\t\t<\/div>\n\t\t<div class=\"elementor-element elementor-element-a991e07 e-flex e-con-boxed e-con e-parent\" data-id=\"a991e07\" data-element_type=\"container\" data-settings=\"{&quot;background_background&quot;:&quot;classic&quot;}\">\n\t\t\t\t\t<div class=\"e-con-inner\">\n\t\t<div class=\"elementor-element elementor-element-bdc7b86 e-con-full e-flex e-con e-child\" data-id=\"bdc7b86\" data-element_type=\"container\">\n\t\t\t\t<div class=\"elementor-element elementor-element-282a359 elementor-widget elementor-widget-eltdf_single_image\" data-id=\"282a359\" data-element_type=\"widget\" data-widget_type=\"eltdf_single_image.default\">\n\t\t\t\t<div class=\"elementor-widget-container\">\n\t\t\t\t\t<div class=\"eltdf-single-image-holder   eltdf-has-shadow eltdf-image-behavior-zoom eltdf-image-appear-none\">\n    <div class=\"eltdf-si-inner\" >\n                                                        <img fetchpriority=\"high\" decoding=\"async\" width=\"2560\" height=\"1707\" src=\"https:\/\/voraz.pt\/wp-content\/uploads\/2024\/12\/DSCF9621-JS-scaled.jpg\" class=\"attachment-full size-full\" alt=\"\" srcset=\"https:\/\/voraz.pt\/wp-content\/uploads\/2024\/12\/DSCF9621-JS-scaled.jpg 2560w, https:\/\/voraz.pt\/wp-content\/uploads\/2024\/12\/DSCF9621-JS-300x200.jpg 300w, https:\/\/voraz.pt\/wp-content\/uploads\/2024\/12\/DSCF9621-JS-1024x683.jpg 1024w, https:\/\/voraz.pt\/wp-content\/uploads\/2024\/12\/DSCF9621-JS-768x512.jpg 768w, https:\/\/voraz.pt\/wp-content\/uploads\/2024\/12\/DSCF9621-JS-1536x1024.jpg 1536w\" sizes=\"(max-width: 2560px) 100vw, 2560px\" \/>                                                        <div class=\"eltdf-si-ornament rectangle\" style=\"right: 70px\">\n                <svg xmlns=\"http:\/\/www.w3.org\/2000\/svg\" width=\"368.879\" height=\"368.871\">\n                                <path fill=\"none\" stroke=\"rgb(156,124,87)\" stroke-width=\"1.5\" stroke-miterlimit=\"10\" d=\"M.001 257.722l28.289 28.289L.002 314.299M.001 169.386l28.289-28.288L.005 112.813M24.478-.002L0 24.476m17.885 344.397l10.405-10.405L.005 330.182m-.003-88.34l28.288-28.287L.005 185.269M.002 96.93L28.29 68.642.001 40.353M96.935-.002L28.29 68.642l72.457 72.456-72.457 72.457 72.457 72.456-72.457 72.457 10.41 10.41m51.642-.004l10.405-10.406-72.457-72.457 72.457-72.456-72.457-72.457 72.457-72.456L32.103-.002m137.289 0l-68.645 68.644 72.457 72.456-72.457 72.457 72.457 72.456-72.457 72.457 10.406 10.405m51.646-.001l10.405-10.404-72.457-72.457 72.457-72.456-72.457-72.457 72.457-72.456L104.56-.002m137.282.007l-68.638 68.637 72.457 72.456-72.457 72.457 72.457 72.456-72.457 72.457 10.404 10.405m51.648 0l10.405-10.405-72.457-72.457 72.457-72.456-72.457-72.457 72.457-72.456L177.023.005m137.275.001l-68.637 68.636 72.457 72.456-72.457 72.457 72.457 72.456-72.457 72.457 10.403 10.403m51.65 0l10.404-10.403-72.457-72.457 72.457-72.456-72.457-72.457 72.457-72.456-68.65-68.65m119.408 307.719l-50.758 50.757 10.406 10.405m40.354-206.076l-50.76 50.758 50.761 50.76m-.001-246.431l-50.76 50.758 50.758 50.757m0 115.855l-50.758 50.757 50.761 50.761m-.003-246.432l-50.758 50.758 50.754 50.754M321.938.005l46.938 46.938m-141.328 3.584l18.113-18.113m54.344 18.113l18.113-18.113m-90.57 90.57l18.113-18.114m54.344 18.114l18.113-18.114m-90.57 90.571l18.113-18.115m54.344 18.115l18.113-18.115M10.175 14.3L0 4.125M68.327-.006L82.633 14.3m72.457 0L140.789 0m86.757 14.3L213.252.006M300.003 14.3L285.709.006m72.459.002l10.714 10.714M28.29-.005v32.419l18.113 18.113m-36.029 0L28.29 32.414M100.747-.005v32.419l18.113 18.113m-36.029 0l17.916-18.113M173.194-.005v32.419l18.114 18.113M245.661-.015v32.429l18.114 18.113M318.118-.005v32.419l18.114 18.113m-180.954 0l17.916-18.113M28.29 68.642v36.229l18.113 18.114m-36.029-.001L28.29 104.87m72.457-36.228v36.229l18.113 18.114m-36.029-.001l17.916-18.114m72.447-36.228v36.229l18.114 18.114m54.353-54.343v36.229l18.114 18.114m54.343-54.343v36.229l18.114 18.114m-180.954-.001l17.916-18.114M28.29 141.098v36.229l18.113 18.115m-36.029-.001l17.916-18.115m72.457-36.228v36.229l18.113 18.115m-36.029-.001l17.916-18.115m72.447-36.228v36.229l18.114 18.115m54.353-54.344v36.229l18.114 18.115m54.343-54.344v36.229l18.114 18.115m-180.954-.001l17.916-18.115M28.29 213.556v36.229l18.113 18.114m-36.029-.001l17.916-18.114m72.457-36.228v36.229l18.113 18.114m-18.113-18.115l-17.916 18.114m90.363-54.342v36.229l18.114 18.114m54.353-54.343v36.229l18.114 18.114m54.343-54.343v36.229l18.114 18.114m-163.038-18.115l-17.916 18.114M28.29 286.011v36.229l18.113 18.114m-36.029 0L28.29 322.24m72.457-36.229v36.229l18.113 18.114m-36.029 0l17.916-18.114m72.447-36.229v36.229l18.114 18.114m126.81-54.343v36.229l18.114 18.114m-90.571-54.343v36.229l18.114 18.114m-90.581-18.115l-17.916 18.114M46.603 14.3L60.752-.006M119.06 14.3L133.208-.005M191.517 14.3L205.655.006M263.974 14.3L278.112.006M336.431 14.3L350.589-.014M0 76.58l10.175 10.176m54.344-54.342v36.229l18.114 18.113m54.343-54.342v36.229l18.114 18.113m54.343-54.342v36.229l18.113 18.113m54.344-54.342v36.229l18.113 18.113m54.344-54.342v36.229l14.529 14.529M46.603 86.756l17.916-18.113m54.541 18.113l17.916-18.113m54.541 18.113l17.916-18.113m54.541 18.113l17.916-18.113m54.541 18.113l17.916-18.113m-344.172 90.57L0 149.037m64.519-44.167v36.229l18.114 18.114m54.343-54.343v36.229l18.114 18.114m54.343-54.343v36.229l18.113 18.114m126.801-54.343v36.229l14.529 14.53M281.89 104.87v36.229l18.113 18.114m-253.4 0l17.916-18.114m54.541 18.114l17.916-18.114m54.541 18.114l17.916-18.114m126.998 18.114l17.916-18.114m-90.373 18.114l17.916-18.114M10.175 231.67L.002 221.497m64.517-44.171v36.229l18.114 18.115m54.343-54.344v36.229l18.114 18.115m54.343-54.344v36.229l18.113 18.115m54.344-54.344v36.229l18.113 18.115m54.344-54.344v36.229l14.529 14.531M46.603 231.67l17.916-18.115m54.541 18.115l17.916-18.115m54.541 18.115l17.916-18.115m54.541 18.115l17.916-18.115m54.541 18.115l17.916-18.115m-126.799 54.333l18.113-18.113m54.344 18.113l18.113-18.113m-90.57 90.579l18.113-18.113m54.344 18.113l18.113-18.113M10.175 304.117L.007 293.947m64.512-44.173v36.228l18.114 18.115m54.343-54.343v36.228l18.114 18.115m54.343-54.343v36.228l18.113 18.115m126.801-54.343v36.228l14.529 14.531m-86.986-50.759v36.228l18.113 18.115m-253.4 0l17.916-18.115m54.541 18.115l17.916-18.115m54.541 18.115l17.916-18.115m126.998 18.115l17.916-18.115m-90.373 18.115l17.916-18.115M64.519 322.239v36.228l10.406 10.406m62.051-46.634v36.228l10.406 10.406m62.051-46.634v36.228l10.405 10.406m134.509-46.634v36.228l10.405 10.406m-82.862-46.634v36.228l10.403 10.404m-238.064 0l10.29-10.404m62.166 10.404l10.291-10.404m62.165 10.406l10.292-10.406m62.165 10.406l10.292-10.406m62.165 10.406l10.292-10.406M.002 4.499\"\/>\n                            <\/svg>            <\/div>\n            <\/div>\n<\/div>\t\t\t\t<\/div>\n\t\t\t\t<\/div>\n\t\t\t\t<\/div>\n\t\t<div class=\"elementor-element elementor-element-f7e6259 e-con-full e-flex e-con e-child\" data-id=\"f7e6259\" data-element_type=\"container\">\n\t\t\t\t<div class=\"elementor-element elementor-element-37b0a09 elementor-widget elementor-widget-text-editor\" data-id=\"37b0a09\" data-element_type=\"widget\" data-widget_type=\"text-editor.default\">\n\t\t\t\t<div class=\"elementor-widget-container\">\n\t\t\t\t\t\t\t\t\t<p>For us, cooking is not just a craft; it\u2019s a form of expression. And if we can share that passion with as many people as possible, creating a memorable experience, then our mission is accomplished.<\/p>\t\t\t\t\t\t\t\t<\/div>\n\t\t\t\t<\/div>\n\t\t\t\t<\/div>\n\t\t\t\t\t<\/div>\n\t\t\t\t<\/div>\n\t\t<div class=\"elementor-element elementor-element-d2d831b e-flex e-con-boxed e-con e-parent\" data-id=\"d2d831b\" data-element_type=\"container\">\n\t\t\t\t\t<div class=\"e-con-inner\">\n\t\t\t\t<div class=\"elementor-element elementor-element-91bd3ce elementor-widget elementor-widget-text-editor\" data-id=\"91bd3ce\" data-element_type=\"widget\" data-widget_type=\"text-editor.default\">\n\t\t\t\t<div class=\"elementor-widget-container\">\n\t\t\t\t\t\t\t\t\t<h4><b>WHERE WE'RE GOING<\/b><\/h4><p>We want to make Voraz a national reference, elevating Barreiro to a must-visit destination for those who appreciate gastronomy in all its forms.<\/p><p>Voraz was born to make a difference and challenge the status quo. From traditional Portuguese cuisine to flavors from around the world, including signature pastries and the best sushi in the region.<\/p><p>We look to the future with ambition, without losing our essence. If one day they say that Voraz changed the way gastronomy is experienced in Barreiro and beyond, we will know we are on the right path.<\/p>\t\t\t\t\t\t\t\t<\/div>\n\t\t\t\t<\/div>\n\t\t\t\t\t<\/div>\n\t\t\t\t<\/div>\n\t\t<div class=\"elementor-element elementor-element-3b74425 e-grid e-con-boxed e-con e-parent\" data-id=\"3b74425\" data-element_type=\"container\">\n\t\t\t\t\t<div class=\"e-con-inner\">\n\t\t\t\t<div class=\"elementor-element elementor-element-eedaecc elementor-widget elementor-widget-image\" data-id=\"eedaecc\" data-element_type=\"widget\" data-widget_type=\"image.default\">\n\t\t\t\t<div class=\"elementor-widget-container\">\n\t\t\t\t\t\t\t\t\t\t\t\t<figure class=\"wp-caption\">\n\t\t\t\t\t\t\t\t\t\t<img decoding=\"async\" width=\"1024\" height=\"683\" src=\"https:\/\/voraz.pt\/wp-content\/uploads\/2024\/12\/DSCF8974-JS-1024x683.jpg\" class=\"elementor-animation-grow attachment-large size-large wp-image-6545\" alt=\"\" srcset=\"https:\/\/voraz.pt\/wp-content\/uploads\/2024\/12\/DSCF8974-JS-1024x683.jpg 1024w, https:\/\/voraz.pt\/wp-content\/uploads\/2024\/12\/DSCF8974-JS-300x200.jpg 300w, https:\/\/voraz.pt\/wp-content\/uploads\/2024\/12\/DSCF8974-JS-768x512.jpg 768w, https:\/\/voraz.pt\/wp-content\/uploads\/2024\/12\/DSCF8974-JS-1536x1024.jpg 1536w\" sizes=\"(max-width: 1024px) 100vw, 1024px\" \/>\t\t\t\t\t\t\t\t\t\t\t<figcaption class=\"widget-image-caption wp-caption-text\"><\/figcaption>\n\t\t\t\t\t\t\t\t\t\t<\/figure>\n\t\t\t\t\t\t\t\t\t<\/div>\n\t\t\t\t<\/div>\n\t\t\t\t<div class=\"elementor-element elementor-element-fb469a8 elementor-widget elementor-widget-image\" data-id=\"fb469a8\" data-element_type=\"widget\" data-widget_type=\"image.default\">\n\t\t\t\t<div class=\"elementor-widget-container\">\n\t\t\t\t\t\t\t\t\t\t\t\t\t\t\t<img decoding=\"async\" width=\"683\" height=\"1024\" src=\"https:\/\/voraz.pt\/wp-content\/uploads\/2024\/12\/DSCF8885-JS-683x1024.jpg\" class=\"elementor-animation-grow attachment-large size-large wp-image-6546\" alt=\"\" srcset=\"https:\/\/voraz.pt\/wp-content\/uploads\/2024\/12\/DSCF8885-JS-683x1024.jpg 683w, https:\/\/voraz.pt\/wp-content\/uploads\/2024\/12\/DSCF8885-JS-200x300.jpg 200w, https:\/\/voraz.pt\/wp-content\/uploads\/2024\/12\/DSCF8885-JS-768x1152.jpg 768w, https:\/\/voraz.pt\/wp-content\/uploads\/2024\/12\/DSCF8885-JS-1024x1536.jpg 1024w, https:\/\/voraz.pt\/wp-content\/uploads\/2024\/12\/DSCF8885-JS-1365x2048.jpg 1365w, https:\/\/voraz.pt\/wp-content\/uploads\/2024\/12\/DSCF8885-JS-scaled.jpg 1707w\" sizes=\"(max-width: 683px) 100vw, 683px\" \/>\t\t\t\t\t\t\t\t\t\t\t\t\t\t\t<\/div>\n\t\t\t\t<\/div>\n\t\t\t\t<div class=\"elementor-element elementor-element-eadee9a elementor-widget elementor-widget-image\" data-id=\"eadee9a\" data-element_type=\"widget\" data-widget_type=\"image.default\">\n\t\t\t\t<div class=\"elementor-widget-container\">\n\t\t\t\t\t\t\t\t\t\t\t\t\t\t\t<img loading=\"lazy\" decoding=\"async\" width=\"1024\" height=\"683\" src=\"https:\/\/voraz.pt\/wp-content\/uploads\/2024\/12\/DSCF9430-JS-1024x683.jpg\" class=\"elementor-animation-grow attachment-large size-large wp-image-6597\" alt=\"\" srcset=\"https:\/\/voraz.pt\/wp-content\/uploads\/2024\/12\/DSCF9430-JS-1024x683.jpg 1024w, https:\/\/voraz.pt\/wp-content\/uploads\/2024\/12\/DSCF9430-JS-300x200.jpg 300w, https:\/\/voraz.pt\/wp-content\/uploads\/2024\/12\/DSCF9430-JS-768x512.jpg 768w, https:\/\/voraz.pt\/wp-content\/uploads\/2024\/12\/DSCF9430-JS-1536x1024.jpg 1536w\" sizes=\"(max-width: 1024px) 100vw, 1024px\" \/>\t\t\t\t\t\t\t\t\t\t\t\t\t\t\t<\/div>\n\t\t\t\t<\/div>\n\t\t\t\t\t<\/div>\n\t\t\t\t<\/div>\n\t\t<div class=\"elementor-element elementor-element-27de8bb e-flex e-con-boxed e-con e-parent\" data-id=\"27de8bb\" data-element_type=\"container\">\n\t\t\t\t\t<div class=\"e-con-inner\">\n\t\t\t\t<div class=\"elementor-element elementor-element-79a1edf elementor-widget elementor-widget-eltdf_section_title\" data-id=\"79a1edf\" data-element_type=\"widget\" data-widget_type=\"eltdf_section_title.default\">\n\t\t\t\t<div class=\"elementor-widget-container\">\n\t\t\t\t\t<div class=\"eltdf-section-title-holder    eltdf-st-decor-animation\" style=\"text-align: center\">\n\t<div class=\"eltdf-st-inner\">\n        \t\t            <div class=\"eltdf-st-title-holder\">\n                                    <div class=\"decor\"><svg xmlns=\"http:\/\/www.w3.org\/2000\/svg\" width=\"41.125\" height=\"9.146\">\n                            <path fill=\"none\" stroke=\"#9C7C57\" stroke-miterlimit=\"10\" d=\"M40.881 8.576L20.562.591.244 8.576\"\/>\n                            <path fill=\"none\" stroke=\"#9C7C57\" stroke-miterlimit=\"10\" d=\"M40.881.591L20.562 8.576.243.591\"\/>\n                        <\/svg><\/div>\n                                <h3 class=\"eltdf-st-title\" >\n                    WHAT DEFINES US                <\/h3>\n                                    <div class=\"decor\"><svg xmlns=\"http:\/\/www.w3.org\/2000\/svg\" width=\"41.125\" height=\"9.146\">\n                            <path fill=\"none\" stroke=\"#9C7C57\" stroke-miterlimit=\"10\" d=\"M40.881 8.576L20.562.591.244 8.576\"\/>\n                            <path fill=\"none\" stroke=\"#9C7C57\" stroke-miterlimit=\"10\" d=\"M40.881.591L20.562 8.576.243.591\"\/>\n                        <\/svg><\/div>\n                            <\/div>\n\t\t\t\t\t\t\t<\/div>\n<\/div>\t\t\t\t<\/div>\n\t\t\t\t<\/div>\n\t\t\t\t\t<\/div>\n\t\t\t\t<\/div>\n\t\t<div class=\"elementor-element elementor-element-555a93e e-flex e-con-boxed e-con e-parent\" data-id=\"555a93e\" data-element_type=\"container\">\n\t\t\t\t\t<div class=\"e-con-inner\">\n\t\t\t\t<div class=\"elementor-element elementor-element-5af95a1 elementor-widget elementor-widget-text-editor\" data-id=\"5af95a1\" data-element_type=\"widget\" data-widget_type=\"text-editor.default\">\n\t\t\t\t<div class=\"elementor-widget-container\">\n\t\t\t\t\t\t\t\t\t<h6><b>Authenticity<\/b><\/h6><p>We honor culinary traditions and genuine flavors. Every dish has a story, and every ingredient is carefully selected to ensure an authentic experience.<\/p><h6>\u00a0<\/h6><h6><b>Sustainability<\/b><\/h6><p>We know that a great restaurant depends on a healthy planet. We use local products whenever possible, reduce waste, and prioritize eco-friendly practices at every step of our process.<\/p><h6>\u00a0<\/h6><h6><b>Creativity<\/b><\/h6><p>Tradition inspires us, but innovation drives us. We love exploring new combinations, experimenting with different techniques, and surprising our guests with unexpected approaches.<\/p><h3>\u00a0<\/h3><h6><b>Excelence<\/b><\/h6><p>Every detail matters. From ingredient selection to table service, everything is designed to ensure an impeccable experience. If we do it, we do it well.<\/p><h3>\u00a0<\/h3><h6><b>Community<\/b><\/h6><p>Barreiro is our home, and we want Voraz to be a place for gathering, culture, and sharing. We work with local producers, support regional initiatives, and promote events that enrich the city\u2019s gastronomic identity.<\/p><h3>\u00a0<\/h3><h6><b>Passion and Pleasure<\/b><\/h6><p>We take food seriously, but believe that gastronomy should be an experience of pleasure and relaxation. At Voraz, we celebrate the love of good dining\u2014without excessive formalities, yet always with respect for quality and attention to detail.<\/p>\t\t\t\t\t\t\t\t<\/div>\n\t\t\t\t<\/div>\n\t\t\t\t\t<\/div>\n\t\t\t\t<\/div>\n\t\t\t\t<section class=\"eltdf-parallax-row-holder elementor-section elementor-top-section elementor-element elementor-element-85bcce9 eltdf-parallax-row-holder eltdf-elementor-row-grid-section elementor-hidden-desktop elementor-hidden-tablet elementor-hidden-mobile elementor-section-boxed elementor-section-height-default elementor-section-height-default eltdf-content-aligment-left eltdf-disabled-bg-image-bellow-no\" data-parallax-bg-speed=\"1\" data-parallax-bg-image=\"https:\/\/voraz.pt\/wp-content\/uploads\/2024\/12\/DSCF8965-JS-scaled.jpg\" data-parallax-bg-height=\"0\" data-id=\"85bcce9\" data-element_type=\"section\" data-settings=\"{&quot;elated_parallax_image&quot;:{&quot;url&quot;:&quot;https:\\\/\\\/voraz.pt\\\/wp-content\\\/uploads\\\/2024\\\/12\\\/DSCF8965-JS-scaled.jpg&quot;,&quot;id&quot;:6543,&quot;size&quot;:&quot;&quot;,&quot;alt&quot;:&quot;&quot;,&quot;source&quot;:&quot;library&quot;}}\">\n\t\t\t\t\t\t<div class=\"elementor-container elementor-column-gap-default\">\n\t\t\t\t\t<div class=\"elementor-column elementor-col-100 elementor-top-column elementor-element elementor-element-56eb911\" data-id=\"56eb911\" data-element_type=\"column\" data-settings=\"{&quot;background_background&quot;:&quot;slideshow&quot;,&quot;background_slideshow_gallery&quot;:[],&quot;background_slideshow_loop&quot;:&quot;yes&quot;,&quot;background_slideshow_slide_duration&quot;:5000,&quot;background_slideshow_slide_transition&quot;:&quot;fade&quot;,&quot;background_slideshow_transition_duration&quot;:500}\">\n\t\t\t<div class=\"elementor-widget-wrap elementor-element-populated\">\n\t\t\t\t\t\t<div class=\"elementor-element elementor-element-7166fb4 elementor-widget__width-auto elementor-widget elementor-widget-eltdf_video_button\" data-id=\"7166fb4\" data-element_type=\"widget\" data-widget_type=\"eltdf_video_button.default\">\n\t\t\t\t<div class=\"elementor-widget-container\">\n\t\t\t\t\t<div class=\"eltdf-video-button-holder\">\n\t<div class=\"eltdf-video-button-image\">\n\t\t\t<\/div>\n\t    <a class=\"eltdf-video-button-play\"  href=\"https:\/\/vimeo.com\/369245407?iframe=true\" data-rel=\"prettyPhoto[video_button_pretty_photo_733]\">\n\t\t\t<span class=\"eltdf-video-button-play-inner\">\n\t\t\t\t<span>\n          <svg xmlns=\"http:\/\/www.w3.org\/2000\/svg\" xmlns:xlink=\"http:\/\/www.w3.org\/1999\/xlink\" x=\"0px\" y=\"0px\" width=\"97.094px\" height=\"97.094px\" viewbox=\"0 0 97.094 97.094\" enable-background=\"new 0 0 97.094 97.094\" xml:space=\"preserve\">\n            <circle fill=\"none\" stroke=\"currentColor\" stroke-miterlimit=\"10\" cx=\"48.558\" cy=\"48.548\" r=\"48\"\/>\n            <circle fill=\"none\" class=\"eltdf-popout\" stroke=\"none\" stroke-miterlimit=\"10\" cx=\"48.558\" cy=\"48.548\" r=\"41.037\"\/>\n            <polygon fill=\"none\" stroke=\"currentColor\" stroke-miterlimit=\"10\" points=\"42.578,69.964 42.578,27.13 63.994,48.546 \"\/>\n          <\/svg>\n        <\/span>\n\t\t\t<\/span>\n\t\t<\/a>\n\t<\/div>\t\t\t\t<\/div>\n\t\t\t\t<\/div>\n\t\t\t\t\t<\/div>\n\t\t<\/div>\n\t\t\t\t\t<\/div>\n\t\t<\/section>\n\t\t\t\t<\/div>","protected":false},"excerpt":{"rendered":"<p>O NOSSO PROP\u00d3SITO A gastronomia tem o poder de contar hist\u00f3rias, de criar mem\u00f3rias e de aproximar pessoas. A nossa miss\u00e3o \u00e9 clara: trazer ao Barreiro um conceito inovador que combina tradi\u00e7\u00e3o e modernidade, respeitando os produtos, valorizando as origens e surpreendendo os sentidos. Cada prato que servimos reflete um compromisso absoluto com a qualidade e a autenticidade. Selecionamos ingredientes [&hellip;]<\/p>","protected":false},"author":1,"featured_media":0,"parent":0,"menu_order":0,"comment_status":"closed","ping_status":"closed","template":"full-width.php","meta":{"footnotes":""},"class_list":["post-3310","page","type-page","status-publish","hentry"],"aioseo_notices":[],"_links":{"self":[{"href":"https:\/\/voraz.pt\/en\/wp-json\/wp\/v2\/pages\/3310","targetHints":{"allow":["GET"]}}],"collection":[{"href":"https:\/\/voraz.pt\/en\/wp-json\/wp\/v2\/pages"}],"about":[{"href":"https:\/\/voraz.pt\/en\/wp-json\/wp\/v2\/types\/page"}],"author":[{"embeddable":true,"href":"https:\/\/voraz.pt\/en\/wp-json\/wp\/v2\/users\/1"}],"replies":[{"embeddable":true,"href":"https:\/\/voraz.pt\/en\/wp-json\/wp\/v2\/comments?post=3310"}],"version-history":[{"count":0,"href":"https:\/\/voraz.pt\/en\/wp-json\/wp\/v2\/pages\/3310\/revisions"}],"wp:attachment":[{"href":"https:\/\/voraz.pt\/en\/wp-json\/wp\/v2\/media?parent=3310"}],"curies":[{"name":"wp","href":"https:\/\/api.w.org\/{rel}","templated":true}]}}